{"id":120,"date":"2014-09-23T08:13:25","date_gmt":"2014-09-23T08:13:25","guid":{"rendered":"http:\/\/demo.krownthemes.com\/koncept\/?page_id=120"},"modified":"2022-09-29T19:23:00","modified_gmt":"2022-09-29T18:23:00","slug":"about-us-2","status":"publish","type":"page","link":"https:\/\/augervalere.fr\/index.php\/homepage-1\/about-us-2\/","title":{"rendered":"\u00e0 propos"},"content":{"rendered":"<p>[vc_row][vc_column css=\u00a0\u00bb.vc_custom_1411462471703{padding-top: 100px !important;padding-bottom: 100px !important;}\u00a0\u00bb][vc_row_inner][vc_column_inner width=\u00a0\u00bb1\/2&Prime;][vc_text_separator title=\u00a0\u00bbLa simplicit\u00e9 consiste \u00e0 soustraire ce qui est \u00e9vident et rajouter ce qui a du sens.\u00a0\u00bb subtitle=\u00a0\u00bbJohn Maeda\u00a0\u00bb margin=\u00a0\u00bb0&Prime;][\/vc_column_inner][vc_column_inner width=\u00a0\u00bb1\/2&Prime;][vc_column_text]<\/p>\n<p class=\"p1\"><span style=\"font-size: 14px;\">Dipl\u00f4m\u00e9 en 2014 d&rsquo;un DNSEP design graphique et multim\u00e9dia\u00a0\u00e0 l\u2019\u00c9cole sup\u00e9rieur d\u2019art des Pyr\u00e9n\u00e9es.\u00a0Je m\u2019int\u00e9resse aux diff\u00e9rentes formes du\u00a0design et plus particuli\u00e8rement celles li\u00e9es\u00a0au num\u00e9rique,\u00a0le web-design, le design d\u2019interfaces et d&rsquo;interaction.<\/span><\/p>\n<p class=\"p1\"><span style=\"font-size: 14px;\">Mes diff\u00e9rentes exp\u00e9riences que ce soit entre autre\u00a0mes stages avec <a href=\"http:\/\/www.screen-club.com\/\">ScreenClub<\/a>, le <a href=\"http:\/\/www.2roqs.fr\/\">studio 2Roqs<\/a>, la graphiste <a href=\"http:\/\/www.ynkim.com\/\">Na Kim<\/a> mais aussi\u00a0mes deux ans pass\u00e9s au sein de\u00a0l&rsquo;agence <strong><span style=\"color: #003366;\">BeeCee Design<\/span><\/strong> en tant que graphiste \/ web-designer, m&rsquo;ont permis de me confronter au\u00a0diff\u00e9rents champs de la cr\u00e9ation et du design.<\/span><\/p>\n<p class=\"p1\"><span style=\"font-size: 14px;\">Les enseignements tir\u00e9s de ces exp\u00e9riences\u00a0me permettent aujourd&rsquo;hui de mettre au mieux mes comp\u00e9tences au service de vos projets pour un r\u00e9sultat qui vous correspond et qui r\u00e9pond \u00e0 vos attentes.<\/span><\/p>\n<p class=\"p1\"><span style=\"font-size: 14px;\">Je\u00a0suis disponibles pour vous accompagner dans vos projets graphiques. Pour toute information compl\u00e9mentaire ou demande de devis, n&rsquo;h\u00e9sitez pas \u00e0 me\u00a0contacter.<\/span><\/p>\n<p>[\/vc_column_text][\/vc_column_inner][\/vc_row_inner][\/vc_column][\/vc_row][vc_row][vc_column width=\u00a0\u00bb1\/2&Prime; bg=\u00a0\u00bb#1d1d1d\u00a0\u00bb css=\u00a0\u00bb.vc_custom_1412242168148{padding-top: 110px !important;padding-bottom: 100px !important;background-color: #333333 !important;}\u00a0\u00bb type=\u00a0\u00bbtext\u00a0\u00bb][vc_column_text]<\/p>\n<h3><span style=\"color: #ffffff;\">Methodologie<\/span><\/h3>\n<p><span style=\"color: #9e9e9e;\">La collaboration au sein de ma pratique du design est essentielle. Qu&rsquo;elle soit entre le designer et ses\u00a0clients, mais aussi avec ses collaborateurs. L&rsquo;\u00e9change et le partage des connaissances permettent une \u00e9volution favorable des diff\u00e9rents projets, de prendre du recul et ainsi avoir une vision plus large sur le design. Le travail d&rsquo;\u00e9quipe ne peut \u00eatre que b\u00e9n\u00e9fique.<\/span>[\/vc_column_text][\/vc_column][vc_column width=\u00a0\u00bb1\/2&Prime;][vc_column_text]<\/p>\n<h3>Mes comp\u00e9tences<\/h3>\n<p>[\/vc_column_text][vc_row_inner][vc_column_inner width=\u00a0\u00bb1\/2&Prime;]<div class=\"krown-text-icon style-one\"><i class=\"fa fa-fw fa-photo fa-3x\" style=\"color:#1c2021\"><\/i><h5>Photoshop<\/h5><\/div>[vc_separator height=\u00a0\u00bb70&Prime;]<div class=\"krown-text-icon style-one\"><i class=\"fa fa-fw fa-paragraph fa-3x\" style=\"color:#1c2021\"><\/i><h5>InDesign<\/h5><\/div>[vc_separator height=\u00a0\u00bb70&Prime;]<div class=\"krown-text-icon style-one\"><i class=\"fa fa-fw fa-globe fa-3x\" style=\"color:#1c2021\"><\/i><h5>Edge Animate<\/h5><\/div>[\/vc_column_inner][vc_column_inner width=\u00a0\u00bb1\/2&Prime;]<div class=\"krown-text-icon style-one\"><i class=\"fa fa-fw fa-paint-brush fa-3x\" style=\"color:#1c2021\"><\/i><h5>Illustrator<\/h5><\/div>[vc_separator height=\u00a0\u00bb70&Prime;]<div class=\"krown-text-icon style-one\"><i class=\"fa fa-fw fa-video-camera fa-3x\" style=\"color:#1c2021\"><\/i><h5>After effect<\/h5><\/div>[vc_separator height=\u00a0\u00bb70&Prime;]<div class=\"krown-text-icon style-one\"><i class=\"fa fa-fw fa-cube fa-3x\" style=\"color:#1c2021\"><\/i><h5>Cin\u00e9ma 4D<\/h5><\/div>[\/vc_column_inner][\/vc_row_inner][\/vc_column][\/vc_row][vc_row][vc_column bg=\u00a0\u00bb#f4f2f2&Prime; css=\u00a0\u00bb.vc_custom_1411986962966{background-color: #f4f2f2 !important;}\u00a0\u00bb][vc_column_text]<\/p>\n","protected":false},"excerpt":{"rendered":"<p>[vc_row][vc_column css=\u00a0\u00bb.vc_custom_1411462471703{padding-top: 100px !important;padding-bottom: 100px !important;}\u00a0\u00bb][vc_row_inner][vc_column_inner width=\u00a0\u00bb1\/2&Prime;][vc_text_separator title=\u00a0\u00bbLa simplicit\u00e9 consiste \u00e0 soustraire ce qui est \u00e9vident et rajouter ce qui a du sens.\u00a0\u00bb subtitle=\u00a0\u00bbJohn Maeda\u00a0\u00bb margin=\u00a0\u00bb0&Prime;][\/vc_column_inner][vc_column_inner width=\u00a0\u00bb1\/2&Prime;][vc_column_text] Dipl\u00f4m\u00e9 en 2014 d&rsquo;un DNSEP design graphique et multim\u00e9dia\u00a0\u00e0 l\u2019\u00c9cole sup\u00e9rieur d\u2019art des Pyr\u00e9n\u00e9es.\u00a0Je m\u2019int\u00e9resse aux diff\u00e9rentes formes du\u00a0design et plus particuli\u00e8rement celles li\u00e9es\u00a0au num\u00e9rique,\u00a0le web-design, le design [&hellip;]<\/p>\n","protected":false},"author":1,"featured_media":0,"parent":848,"menu_order":0,"comment_status":"open","ping_status":"open","template":"","meta":[],"_links":{"self":[{"href":"https:\/\/augervalere.fr\/index.php\/wp-json\/wp\/v2\/pages\/120"}],"collection":[{"href":"https:\/\/augervalere.fr\/index.php\/wp-json\/wp\/v2\/pages"}],"about":[{"href":"https:\/\/augervalere.fr\/index.php\/wp-json\/wp\/v2\/types\/page"}],"author":[{"embeddable":true,"href":"https:\/\/augervalere.fr\/index.php\/wp-json\/wp\/v2\/users\/1"}],"replies":[{"embeddable":true,"href":"https:\/\/augervalere.fr\/index.php\/wp-json\/wp\/v2\/comments?post=120"}],"version-history":[{"count":31,"href":"https:\/\/augervalere.fr\/index.php\/wp-json\/wp\/v2\/pages\/120\/revisions"}],"predecessor-version":[{"id":1767,"href":"https:\/\/augervalere.fr\/index.php\/wp-json\/wp\/v2\/pages\/120\/revisions\/1767"}],"up":[{"embeddable":true,"href":"https:\/\/augervalere.fr\/index.php\/wp-json\/wp\/v2\/pages\/848"}],"wp:attachment":[{"href":"https:\/\/augervalere.fr\/index.php\/wp-json\/wp\/v2\/media?parent=120"}],"curies":[{"name":"wp","href":"https:\/\/api.w.org\/{rel}","templated":true}]}}