{"id":849,"date":"2014-09-25T06:16:54","date_gmt":"2014-09-25T06:16:54","guid":{"rendered":"http:\/\/demo.krownthemes.com\/koncept\/?page_id=164"},"modified":"2017-01-19T16:09:53","modified_gmt":"2017-01-19T15:09:53","slug":"contact","status":"publish","type":"page","link":"https:\/\/augervalere.fr\/index.php\/homepage-1\/contact\/","title":{"rendered":"Contact"},"content":{"rendered":"<p>[vc_row][vc_column width=\u00a0\u00bb1\/3&Prime; css=\u00a0\u00bb.vc_custom_1411991408718{padding-top: 100px !important;padding-bottom: 80px !important;}\u00a0\u00bb][vc_text_separator title=\u00a0\u00bbContactez moi !\u00a0\u00bb subtitle=\u00a0\u00bbSi vous avez des questions, je peux s\u00fbrement y r\u00e9pondre. N&rsquo;h\u00e9sitez pas je suis hyper sympa, enfin je pense.\u00a0\u00bb][vc_column_text]auger.valere@gmail.com<br \/>\n+33 0782640597[\/vc_column_text][\/vc_column][vc_column width=\u00a0\u00bb2\/3&Prime; css=\u00a0\u00bb.vc_custom_1411991415822{padding-top: 100px !important;padding-bottom: 80px !important;}\u00a0\u00bb]<section class=\"krown-form clearfix\">\n        <form method=\"POST\" action=\"https:\/\/augervalere.fr\/wp-content\/themes\/koncept\/includes\/contact-form.php\">\n            <div class=\"krown-column-container span4\">\n                <label for=\"name\">Nom *<\/label>\n                <input id=\"name\" type=\"text\" name=\"name\" class=\"name\" \/>\n            <\/div>\n            <div class=\"krown-column-container span4\">\n                <label for=\"email\">Email *<\/label>\n                <input id=\"email\" type=\"email\" name=\"email\" class=\"email\" novalidate=\"\" \/>\n            <\/div>\n            <div class=\"krown-column-container span4\">\n                <label for=\"subject\">Objet *<\/label>\n                <input id=\"subject\" type=\"text\" name=\"subject\" class=\"subject\" \/>\n            <\/div>\n            <div class=\"krown-column-container span12\" style=\"margin-left: 0\">\n                <label for=\"message\">Votre message * <\/label>\n                <textarea id=\"message\" name=\"message\" class=\"message\"><\/textarea>\n            <\/div>\n            <input type=\"text\" name=\"fred\" class=\"fred hidden\" value=\"\" \/>\n            <input type=\"submit\" class=\"submit\" value=\"ENVOYER\" \/>\n            <input type=\"hidden\" name=\"dlo128\" class=\"hidden dlo128\" value=\"auger.valere@gmail.com\" \/><\/form>\n        <p class=\"hidden success-message\">Message envoy\u00e9 ! On se tient au courant rapidement.<\/p>\n        <p class=\"hidden error-message\">hun hun, vous avez surement oubli\u00e9 quelque chose<\/p>\n    <\/section>[\/vc_column][\/vc_row]<\/p>\n","protected":false},"excerpt":{"rendered":"<p>[vc_row][vc_column width=\u00a0\u00bb1\/3&Prime; css=\u00a0\u00bb.vc_custom_1411991408718{padding-top: 100px !important;padding-bottom: 80px !important;}\u00a0\u00bb][vc_text_separator title=\u00a0\u00bbContactez moi !\u00a0\u00bb subtitle=\u00a0\u00bbSi vous avez des questions, je peux s\u00fbrement y r\u00e9pondre. N&rsquo;h\u00e9sitez pas je suis hyper sympa, enfin je pense.\u00a0\u00bb][vc_column_text]auger.valere@gmail.com +33 0782640597[\/vc_column_text][\/vc_column][vc_column width=\u00a0\u00bb2\/3&Prime; css=\u00a0\u00bb.vc_custom_1411991415822{padding-top: 100px !important;padding-bottom: 80px !important;}\u00a0\u00bb][\/vc_column][\/vc_row]<\/p>\n","protected":false},"author":1,"featured_media":0,"parent":848,"menu_order":0,"comment_status":"open","ping_status":"open","template":"template-contact.php","meta":[],"_links":{"self":[{"href":"https:\/\/augervalere.fr\/index.php\/wp-json\/wp\/v2\/pages\/849"}],"collection":[{"href":"https:\/\/augervalere.fr\/index.php\/wp-json\/wp\/v2\/pages"}],"about":[{"href":"https:\/\/augervalere.fr\/index.php\/wp-json\/wp\/v2\/types\/page"}],"author":[{"embeddable":true,"href":"https:\/\/augervalere.fr\/index.php\/wp-json\/wp\/v2\/users\/1"}],"replies":[{"embeddable":true,"href":"https:\/\/augervalere.fr\/index.php\/wp-json\/wp\/v2\/comments?post=849"}],"version-history":[{"count":4,"href":"https:\/\/augervalere.fr\/index.php\/wp-json\/wp\/v2\/pages\/849\/revisions"}],"predecessor-version":[{"id":1615,"href":"https:\/\/augervalere.fr\/index.php\/wp-json\/wp\/v2\/pages\/849\/revisions\/1615"}],"up":[{"embeddable":true,"href":"https:\/\/augervalere.fr\/index.php\/wp-json\/wp\/v2\/pages\/848"}],"wp:attachment":[{"href":"https:\/\/augervalere.fr\/index.php\/wp-json\/wp\/v2\/media?parent=849"}],"curies":[{"name":"wp","href":"https:\/\/api.w.org\/{rel}","templated":true}]}}